{"id":466,"date":"2025-03-31T15:10:15","date_gmt":"2025-03-31T13:10:15","guid":{"rendered":"https:\/\/forumvz.clients.h2a.lu\/informations-pratiques\/"},"modified":"2026-03-30T11:26:10","modified_gmt":"2026-03-30T09:26:10","slug":"praktische-informationen","status":"publish","type":"page","link":"https:\/\/forum.visionzero.lu\/de\/forum\/praktische-informationen\/","title":{"rendered":"Praktische Informationen"},"content":{"rendered":"\n<div class=\"wp-block-group alignwide informations-grid is-layout-grid wp-container-core-group-is-layout-988b637e wp-block-group-is-layout-grid\">\n<div data-icon=\"icon-date\" data-icon-color=\"var(--wp--preset--color--primary-dark)\" style=\"--icon-color:var(--wp--preset--color--primary-dark)\" class=\"wp-block-aaaforum-event wp-block-aaaforum-event-date\">\n<div class=\"wp-block-group is-vertical is-content-justification-center is-layout-flex wp-container-core-group-is-layout-6a2ecd95 wp-block-group-is-layout-flex\" style=\"padding-top:var(--wp--preset--spacing--60);padding-right:var(--wp--preset--spacing--40);padding-bottom:var(--wp--preset--spacing--40);padding-left:var(--wp--preset--spacing--40)\">\n<div class=\"wp-block-group is-vertical is-content-justification-center is-layout-flex wp-container-core-group-is-layout-c3249634 wp-block-group-is-layout-flex\" style=\"padding-top:0;padding-bottom:0\">\n<p class=\"has-text-align-center has-black-color has-text-color has-x-large-font-size\">mittwoch<\/p>\n\n\n\n<p class=\"has-text-align-center has-black-color has-text-color has-xx-large-font-size\">25.03.2026<\/p>\n<\/div>\n\n\n\n<div class=\"wp-block-group block-details-wrapper is-content-justification-center is-nowrap is-layout-flex wp-container-core-group-is-layout-0ec4f6ab wp-block-group-is-layout-flex\" style=\"padding-top:0;padding-bottom:0\">\n<div style=\"--icon-color:var(--wp--preset--color--primary-dark)\" class=\"wp-block-aaaforum-details wp-block-group is-nowrap is-layout-flex wp-block-group-is-layout-flex\"><div class=\"icon-circle\"><i class=\"icon icon-horaire\" aria-hidden=\"true\"><\/i><span class=\"hors-ecran\">Horaire:<\/span><\/div><p>8:00 &#8211; 18:00<br><\/p><\/div>\n<\/div>\n<\/div>\n<\/div>\n\n\n\n<div data-icon=\"icon-lieu\" data-icon-color=\"var(--wp--preset--color--primary-dark)\" style=\"--icon-color:var(--wp--preset--color--primary-dark)\" class=\"wp-block-aaaforum-event wp-block-aaaforum-event-location\">\n<div class=\"wp-block-group is-vertical is-content-justification-center is-layout-flex wp-container-core-group-is-layout-6a2ecd95 wp-block-group-is-layout-flex\" style=\"padding-top:var(--wp--preset--spacing--60);padding-right:var(--wp--preset--spacing--40);padding-bottom:var(--wp--preset--spacing--40);padding-left:var(--wp--preset--spacing--40)\">\n<div class=\"wp-block-group is-vertical is-content-justification-center is-layout-flex wp-container-core-group-is-layout-c3249634 wp-block-group-is-layout-flex\" style=\"padding-top:0;padding-bottom:0\">\n<p class=\"has-text-align-center has-black-color has-text-color has-x-large-font-size\">luxexpo the box<\/p>\n<\/div>\n\n\n\n<p class=\"has-text-align-center\" style=\"font-style:normal;font-weight:400;text-transform:none\">10, Circuit de la Foire Internationale <br>L-1347 Luxembourg-Kirchberg<\/p>\n<\/div>\n<\/div>\n\n\n\n<div class=\"registration-card-link-container\"><a href=\"https:\/\/registration.welkom.eu\/sst2026-visitors-de\" class=\"registration-card-link\" rel=\"noopener noreferrer\" target=\"_blank\"><div style=\"padding:var(--wp--preset--spacing--40);background-color:var(--wp--preset--color--primary)\" class=\"wp-block-aaaforum-registration-card-block\">\n<p class=\"has-x-large-font-size\" style=\"text-transform:uppercase\"><strong><strong>Anmeldung<\/strong><\/strong><\/p>\n\n\n\n<p>Die Teilnahme am Forum ist kostenlos, es ist jedoch eine Anmeldung erforderlich.<\/p>\n<\/div><\/a><\/div>\n<\/div>\n\n\n\n<div class=\"wp-block-aaaforum-getting-there wp-block-group is-layout-grid wp-block-group-is-layout-grid\"><div class=\"map-container\"><div><iframe src=\"https:\/\/www.google.com\/maps\/embed?pb=!1m18!1m12!1m3!1d2583.970879208148!2d6.170375176735846!3d49.63600344566997!2m3!1f0!2f0!3f0!3m2!1i1024!2i768!4f13.1!3m3!1m2!1s0x47954fc216286347%3A0x97ccfe2a8038a799!2sLUXEXPO%20THE%20BOX!5e0!3m2!1sfr!2slu!4v1756113575128!5m2!1sfr!2slu\" width=\"600\" height=\"450\" style=\"border:0;\" allowfullscreen=\"\" loading=\"lazy\" referrerpolicy=\"no-referrer-when-downgrade\" title=\"Lage der Luxexpo\"><\/iframe><\/div><\/div><div class=\"wp-block-group transport-container has-white-background-color has-background\" style=\"padding:var(--wp--preset--spacing--40);display:flex;flex-direction:column\" data-metadata-name=\"Transports\">\n<h2 class=\"wp-block-heading has-x-large-font-size\">Anreise<\/h2>\n\n\n\n<div class=\"wp-block-aaaforum-transport-item is-layout-flex wp-block-group-is-layout-flex\"><div class=\"transport-icon\"><i class=\"icon icon-tram\"><\/i><\/div><div class=\"transport-content is-layout-flex wp-block-group-is-layout-flex\">\n<h4 class=\"wp-block-heading\">Mit der Stra\u00dfenbahn<\/h4>\n\n\n\n<p>Haltestelle \u201eLuxexpo\u201c<\/p>\n<\/div><\/div>\n\n\n\n<hr class=\"wp-block-separator has-text-color has-black-light-color has-alpha-channel-opacity has-black-light-background-color has-background is-style-wide\"\/>\n\n\n\n<div class=\"wp-block-aaaforum-transport-item is-layout-flex wp-block-group-is-layout-flex\"><div class=\"transport-icon\"><i class=\"icon icon-bus\"><\/i><\/div><div class=\"transport-content is-layout-flex wp-block-group-is-layout-flex\">\n<h4 class=\"wp-block-heading\">Mit dem Bus<\/h4>\n\n\n\n<p>Haltestellen \u201eKirchberg, Gare routi\u00e8re Luxexpo\u201c und \u201eKirchberg, Hugo Gernsback\u201c<\/p>\n<\/div><\/div>\n\n\n\n<hr class=\"wp-block-separator has-text-color has-black-light-color has-alpha-channel-opacity has-black-light-background-color has-background is-style-wide\"\/>\n\n\n\n<div class=\"wp-block-aaaforum-transport-item is-layout-flex wp-block-group-is-layout-flex\"><div class=\"transport-icon\"><i class=\"icon icon-voiture\"><\/i><\/div><div class=\"transport-content is-layout-flex wp-block-group-is-layout-flex\">\n<h4 class=\"wp-block-heading\">Mit dem Auto<\/h4>\n\n\n\n<p>LuxExpo The Box stellt f\u00fcr den Besuchern mehr als 1.400&nbsp;kostenpflichtige Stellpl\u00e4tze, zwei Fahrradparkpl\u00e4tze, eine Fahrradmietstation sowie reservierte Stellfl\u00e4chen f\u00fcr Aussteller zur Verf\u00fcgung. Hinzu kommt eine gro\u00dfe Zahl \u00f6ffentlicher Parkpl\u00e4tze in der Umgebung.<\/p>\n\n\n\n<p>Weitere Informationen zur Anreise finden Sie <a href=\"https:\/\/thebox.lu\/de\/acces\/?section\" target=\"_blank\" rel=\"noreferrer noopener\">hier<\/a>.<\/p>\n<\/div><\/div>\n<\/div><\/div>\n\n\n\n\n\n<div class=\"wp-block-aaaforum-info wp-block-columns has-background info-type-certificat has-primary-background-color\"><div class=\"wp-block-column\" style=\"flex-basis:25%\"><h2 class=\"wp-block-heading has-x-large-font-size\">Teilnahmebe-scheinigung<\/h2><\/div><div class=\"wp-block-column\" style=\"flex-basis:58.33333%\">\n<p>Nach Abschluss des Forums erhalten die Teilnehmer ihre Bescheinigung per E-Mail. Die Workshops sind als <a href=\"https:\/\/legilux.public.lu\/eli\/etat\/adm\/amin\/2017\/11\/10\/b3354\/jo\" data-type=\"link\" data-id=\"https:\/\/legilux.public.lu\/eli\/etat\/adm\/amin\/2017\/11\/10\/b3354\/jo\" target=\"_blank\" rel=\"noreferrer noopener\">Weiterbildung f\u00fcr die Fachkraft f\u00fcr Arbeitssicherheit anerkannt<\/a> und als Zusatzausbildung f\u00fcr <a href=\"https:\/\/legilux.public.lu\/eli\/etat\/adm\/amin\/2026\/03\/18\/b1390\/jo\" target=\"_blank\" rel=\"noreferrer noopener\">Sicherheits- und Gesundheitsbeauftragte auf tempor\u00e4ren oder mobilen Baustellen<\/a> (&#8222;coordinateurs de s\u00e9curit\u00e9 et de sant\u00e9 sur les chantiers temporaires ou mobiles&#8220;).<\/p>\n<\/div><div class=\"wp-block-column icon-illu icon-illu-certificat\" style=\"flex-basis:16.66666%\"><img decoding=\"async\" src=\"https:\/\/forum.visionzero.lu\/wp-content\/themes\/aaaforum\/assets\/vectors\/illus\/illu-certificat-white.svg\" alt=\"\"\/><\/div><\/div>\n\n\n\n<div class=\"wp-block-aaaforum-info wp-block-columns has-background info-type-certificat has-primary-background-color\"><div class=\"wp-block-column\" style=\"flex-basis:25%\"><h2 class=\"wp-block-heading has-x-large-font-size\">Green business<br>event<\/h2><\/div><div class=\"wp-block-column\" style=\"flex-basis:58.33333%\">\n<p>Das Forum zum Arbeits- und Gesundheitsschutz wird auf verantwortungsvolle Weise organisiert und zertifiziert. Wir verpflichten uns, die folgenden Grunds\u00e4tze einzuhalten:<\/p>\n\n\n\n<p><\/p>\n\n\n\n<p>&#8211; <strong>Haupts\u00e4chlich digitale Kommunikation<\/strong><\/p>\n\n\n\n<p>Wir bevorzugen digitale Kommunikation (Einladungen, Programme, Beschilderung), um die \u00f6kologischen Auswirkungen des Papierdrucks deutlich zu reduzieren.<\/p>\n\n\n\n<p>&#8211; <strong>Digitale Beschilderung oder wiederverwendete Materialien<\/strong><\/p>\n\n\n\n<p>Die Beschilderung wird entweder digital sein oder aus Materialien bestehen, die bei fr\u00fcheren Veranstaltungen verwendet wurden, um die Produktion neuer Materialien zu vermeiden.<\/p>\n\n\n\n<p>&#8211; <strong>Mietmobiliar<\/strong><\/p>\n\n\n\n<p>Wir entscheiden uns daf\u00fcr, Mobiliar zu mieten statt zu kaufen, um die Produktion von neuem Mobiliar zu begrenzen und die Wiederverwendung zu f\u00f6rdern.<\/p>\n\n\n\n<p>&#8211; <strong>Lokales und biologisches Catering<\/strong><\/p>\n\n\n\n<p>Wir achten auf ein Catering, das lokale, saisonale und biologisch angebaute Produkte anbietet.<\/p>\n\n\n\n<p>&#8211; <strong>Verwendung von wiederverwendbarem Geschirr<\/strong><\/p>\n\n\n\n<p>Das gesamte verwendete Geschirr ist nicht-wegwerfbar, sondern abwaschbar und wiederverwendbar, um die massive Produktion von Plastikm\u00fcll zu vermeiden.<\/p>\n\n\n\n<p>&#8211; <strong>Verzicht auf Einwegverpackungen<\/strong><\/p>\n\n\n\n<p>Wir verbieten die Verwendung von Einweggetr\u00e4nkeverpackungen und bevorzugen wiederverwendbare oder pfandpflichtige Beh\u00e4lter.<\/p>\n\n\n\n<p>&#8211; <strong>M\u00fclltrennung<\/strong><\/p>\n\n\n\n<p>Es werden Sammelstellen eingerichtet, um eine strikte M\u00fclltrennung zu gew\u00e4hrleisten und das Recycling zu f\u00f6rdern.<\/p>\n<\/div><div class=\"wp-block-column icon-illu icon-illu-certificat\" style=\"flex-basis:16.66666%\"><img decoding=\"async\" src=\"https:\/\/forum.visionzero.lu\/wp-content\/themes\/aaaforum\/assets\/vectors\/illus\/illu-certificat-white.svg\" alt=\"\"\/><\/div><\/div>\n\n\n\n<hr class=\"wp-block-separator has-text-color has-white-color has-alpha-channel-opacity has-white-background-color has-background wp-block-heading is-style-wide\"\/>\n\n\n<div class=\"wp-block-group has-global-padding is-layout-constrained wp-block-group-is-layout-constrained wp-block-template-part\">\n<div class=\"wp-block-group has-global-padding is-layout-constrained wp-block-group-is-layout-constrained\">\n<div class=\"wp-block-columns is-layout-flex wp-container-core-columns-is-layout-28f84493 wp-block-columns-is-layout-flex\">\n<div class=\"wp-block-column is-layout-flow wp-block-column-is-layout-flow\" style=\"flex-basis:50%\">\n<h2 class=\"wp-block-heading has-x-large-font-size\">Organisationskomitee des Forums<\/h2>\n\n\n\n<p>Unfallversicherung (\u201eAssociation d\u2019assurance accident-AAA\u201c)<br>Abteilung f\u00fcr Pr\u00e4vention<\/p>\n\n\n\n<p>(+352) 261915-2201<br><a href=\"mailto:prevention.aaa@secu.lu\">prevention.aaa@secu.lu<\/a><\/p>\n<\/div>\n\n\n\n<div class=\"wp-block-column is-layout-flow wp-block-column-is-layout-flow\" style=\"flex-basis:50%\">\n<h2 class=\"wp-block-heading has-x-large-font-size\">Kontakt Presse<\/h2>\n\n\n\n<p>Unfallversicherung (\u201eAssociation d\u2019assurance accident-AAA\u201c)<\/p>\n\n\n\n<p><a href=\"mailto:presse.aaa@secu.lu\">presse.aaa@secu.lu<\/a><\/p>\n<\/div>\n<\/div>\n<\/div>\n<\/div>","protected":false},"excerpt":{"rendered":"","protected":false},"author":1,"featured_media":0,"parent":9892,"menu_order":6,"comment_status":"closed","ping_status":"closed","template":"","meta":{"inline_featured_image":false,"footnotes":""},"class_list":["post-466","page","type-page","status-publish","hentry"],"_links":{"self":[{"href":"https:\/\/forum.visionzero.lu\/de\/wp-json\/wp\/v2\/pages\/466","targetHints":{"allow":["GET"]}}],"collection":[{"href":"https:\/\/forum.visionzero.lu\/de\/wp-json\/wp\/v2\/pages"}],"about":[{"href":"https:\/\/forum.visionzero.lu\/de\/wp-json\/wp\/v2\/types\/page"}],"author":[{"embeddable":true,"href":"https:\/\/forum.visionzero.lu\/de\/wp-json\/wp\/v2\/users\/1"}],"replies":[{"embeddable":true,"href":"https:\/\/forum.visionzero.lu\/de\/wp-json\/wp\/v2\/comments?post=466"}],"version-history":[{"count":48,"href":"https:\/\/forum.visionzero.lu\/de\/wp-json\/wp\/v2\/pages\/466\/revisions"}],"predecessor-version":[{"id":16847,"href":"https:\/\/forum.visionzero.lu\/de\/wp-json\/wp\/v2\/pages\/466\/revisions\/16847"}],"up":[{"embeddable":true,"href":"https:\/\/forum.visionzero.lu\/de\/wp-json\/wp\/v2\/pages\/9892"}],"wp:attachment":[{"href":"https:\/\/forum.visionzero.lu\/de\/wp-json\/wp\/v2\/media?parent=466"}],"curies":[{"name":"wp","href":"https:\/\/api.w.org\/{rel}","templated":true}]}}