{"id":509,"date":"2025-04-02T17:17:41","date_gmt":"2025-04-02T15:17:41","guid":{"rendered":"https:\/\/forumvz.clients.h2a.lu\/?page_id=509"},"modified":"2025-04-03T15:17:18","modified_gmt":"2025-04-03T13:17:18","slug":"barrierefreiheit","status":"publish","type":"page","link":"https:\/\/forum.visionzero.lu\/de\/barrierefreiheit\/","title":{"rendered":"Barrierefreiheit"},"content":{"rendered":"\n<div class=\"wp-block-group has-global-padding is-layout-constrained wp-container-core-group-is-layout-5a30f31b wp-block-group-is-layout-constrained\">\n<p>Die die Erkl\u00e4rung abgebende Stellen \u201eAssociation\u00a0d\u2019assurance\u00a0accident (AAA)\u201c, \u201eUnion des Entreprises\u00a0Luxembourgeoises (UEL)\u201c, \u201eInstitut national pour le d\u00e9veloppement durable et la RSE (INDR)\u201c, welche die \u201eVISION ZERO\u201c repr\u00e4sentieren, sind bem\u00fcht ihre Webseite im Einklang mit\u00a0<a href=\"https:\/\/legilux.public.lu\/eli\/etat\/leg\/loi\/2019\/05\/28\/a373\/jo\">dem Gesetz vom 28. Mai 2019<\/a>\u00a0\u00fcber den barrierefreien Zugang zu den Webseiten und mobilen Anwendungen \u00f6ffentlicher Stellen barrierefrei zug\u00e4nglich zu machen. Diese Erkl\u00e4rung zur Barrierefreiheit gilt f\u00fcr: <a href=\"http:\/\/www.forum.visionzero.lu\" target=\"_blank\" rel=\"noreferrer noopener\"><u>www.forum.visionzero.lu<\/u><\/a>\u00a0<\/p>\n\n\n\n<div class=\"wp-block-group has-global-padding is-layout-constrained wp-block-group-is-layout-constrained\">\n<h2 class=\"wp-block-heading has-x-large-font-size\"><strong><strong>Was bedeutet digitale Barrierefreiheit?<\/strong><\/strong><\/h2>\n\n\n\n<p>Jeder muss die Informationen einer Webseite oder in einer Anwendung einfach benutzen und abrufen k\u00f6nnen. Dies gilt insbesondere f\u00fcr Personen mit einer Behinderung und\/oder Personen, die Hilfssoftware oder spezielle Ger\u00e4te verwenden (Blinde, Sehbehinderte oder Personen mit einer sonstigen Behinderung).<\/p>\n<\/div>\n\n\n\n<div class=\"wp-block-group has-global-padding is-layout-constrained wp-block-group-is-layout-constrained\">\n<h2 class=\"wp-block-heading has-x-large-font-size\"><strong>Stand der Konformit\u00e4t<\/strong><\/h2>\n\n\n\n<p>Diese Webseite ist wegen der folgenden Punkte\u00a0<strong>teilweise<\/strong>\u00a0mit der europ\u00e4ischen Norm\u00a0<a href=\"https:\/\/www.etsi.org\/deliver\/etsi_en\/301500_301599\/301549\/03.02.01_60\/en_301549v030201p.pdf\" target=\"_blank\" rel=\"noreferrer noopener\"><u>EN 301 549<\/u><\/a>\u00a0und dem\u00a0<a href=\"https:\/\/accessibilite.public.lu\/en\/raweb1\/\" target=\"_blank\" rel=\"noreferrer noopener\"><u>Referenzwerk zur Bewertung der Barrierefreiheit im Web (RAWeb) v1<\/u><\/a>\u00a0, das diese Norm umsetzt,\u00a0<strong>vereinbar<\/strong>.<\/p>\n<\/div>\n\n\n\n<div class=\"wp-block-group has-global-padding is-layout-constrained wp-block-group-is-layout-constrained\">\n<h2 class=\"wp-block-heading has-x-large-font-size\"><strong>Nicht barrierefreie Inhalte<\/strong><\/h2>\n\n\n\n<p>Die nachstehend aufgef\u00fchrten Inhalte sind aus folgenden Gr\u00fcnden nicht barrierefrei:<\/p>\n<\/div>\n\n\n\n<div class=\"wp-block-group has-global-padding is-layout-constrained wp-block-group-is-layout-constrained\">\n<h2 class=\"wp-block-heading has-x-large-font-size\"><strong>Unvereinbarkeit<\/strong><\/h2>\n\n\n\n<ul class=\"wp-block-list\">\n<li>Fehlende Texttranskription und Untertitel bei allen Videos.<\/li>\n<\/ul>\n\n\n\n<p>Wir bem\u00fchen uns, diese Nichtkonformit\u00e4ten schnellstm\u00f6glich zu korrigieren.<\/p>\n<\/div>\n\n\n\n<div class=\"wp-block-group has-global-padding is-layout-constrained wp-block-group-is-layout-constrained\">\n<h2 class=\"wp-block-heading has-x-large-font-size\"><strong><strong>Unverh\u00e4ltnism\u00e4\u00dfige Belastung<\/strong><\/strong><\/h2>\n\n\n\n<p>Die Einhaltung von B\u00fcrodateiformatenstellt eine unverh\u00e4ltnism\u00e4\u00dfige Belastung dar.<\/p>\n<\/div>\n\n\n\n<div class=\"wp-block-group has-global-padding is-layout-constrained wp-block-group-is-layout-constrained\">\n<h2 class=\"wp-block-heading has-x-large-font-size\"><strong><strong>Inhalte, die nicht in den Anwendungsbereich des\u00a0<\/strong><a href=\"https:\/\/legilux.public.lu\/eli\/etat\/leg\/loi\/2019\/05\/28\/a373\/jo\" target=\"_blank\" rel=\"noreferrer noopener\"><u><strong>Gesetzes vom 28. Mai 2019<\/strong><\/u><\/a><strong>\u00a0fallen.<\/strong><\/strong><\/h2>\n\n\n\n<ul class=\"wp-block-list\">\n<li>Das Fenster und der Banner zur Verwaltung von Cookies;<\/li>\n\n\n\n<li>Das ReCAPTCHA-Modul auf der Kontaktseite;<\/li>\n\n\n\n<li>Downloads, die von Dritten bereitgestellt werden, stehen nicht unter unserer Kontrolle.<\/li>\n<\/ul>\n<\/div>\n\n\n\n<div class=\"wp-block-group has-global-padding is-layout-constrained wp-block-group-is-layout-constrained\">\n<h2 class=\"wp-block-heading has-x-large-font-size\"><strong><strong>Barrierefreiheits-Funktionen<\/strong><\/strong><\/h2>\n\n\n\n<p><\/p>\n<\/div>\n\n\n\n<div class=\"wp-block-group has-global-padding is-layout-constrained wp-block-group-is-layout-constrained\">\n<h2 class=\"wp-block-heading has-x-large-font-size\"><strong><strong>Erstellung dieser Erkl\u00e4rung zur Barrierefreiheit<\/strong><\/strong><\/h2>\n\n\n\n<p>Diese Erkl\u00e4rung wurde am\u00a06. M\u00e4rz 2025\u00a0erstellt. Die Aussagen in dieser Erkl\u00e4rung sind richtig und beruhen auf einer tats\u00e4chlichen Bewertung der Vereinbarkeit dieser Webseite mit den Anforderungen des\u00a0<a href=\"https:\/\/accessibilite.public.lu\/en\/raweb1\/\" target=\"_blank\" rel=\"noreferrer noopener\">RAWeb 1<\/a>\u00a0beispielsweise in Form einer von den Stellen \u201eAssociation\u00a0d\u2019assurance\u00a0accident (AAA)\u201c, \u201eUnion des Entreprises\u00a0Luxembourgeoises (UEL)\u201c, \u201eInstitut national pour le d\u00e9veloppement durable et la RSE (INDR)\u201c, welche die \u00ab\u00a0VISION ZERO\u00a0\u00bb repr\u00e4sentieren, durchgef\u00fchrten Selbstbewertung.<\/p>\n<\/div>\n\n\n\n<div class=\"wp-block-group has-global-padding is-layout-constrained wp-block-group-is-layout-constrained\">\n<h2 class=\"wp-block-heading has-x-large-font-size\"><strong><strong>Feedback und Kontaktangaben<\/strong><\/strong><\/h2>\n\n\n\n<p>Sollten Sie einen Mangel bez\u00fcglich der Barrierefreiheit feststellen, schicken Sie uns eine E-Mail an\u00a0<a href=\"mailto:prevention.aaa@secu.lu\"><u>prevention.aaa@secu.lu<\/u><\/a> , in der Sie Ihr Problem beschreiben und uns die betreffende Seite angeben. Wir verpflichten uns, Ihnen binnen eines Monats per E-Mail zu antworten. Um das Problem nachhaltig und auf angemessene Weise zu beheben, wird die Korrektur des Fehlers bez\u00fcglich der Barrierefreiheit im Online-Modus bevorzugt. Ist dies nicht m\u00f6glich, wird Ihnen die gew\u00fcnschte Information in einem barrierefreien Format \u00fcbermittelt, wahlweise:<\/p>\n\n\n\n<ul class=\"wp-block-list\">\n<li>schriftlich in einem Dokument oder per E-Mail;<\/li>\n\n\n\n<li>m\u00fcndlich in einem Interview.<\/li>\n<\/ul>\n<\/div>\n\n\n\n<div class=\"wp-block-group has-global-padding is-layout-constrained wp-block-group-is-layout-constrained\">\n<h2 class=\"wp-block-heading has-x-large-font-size\"><strong><strong>Durchsetzungsverfahren<\/strong><\/strong><\/h2>\n\n\n\n<p>Im Falle einer nicht zufriedenstellenden Antwort haben Sie ebenfalls die M\u00f6glichkeit, das\u00a0<a href=\"https:\/\/sip.gouvernement.lu\/de.html\" target=\"_blank\" rel=\"noreferrer noopener\"><u>Informations- und Presseamt<\/u><\/a>, das f\u00fcr die Kontrolle der Barrierefreiheit zust\u00e4ndig ist, \u00fcber dessen\u00a0<a href=\"https:\/\/sip.gouvernement.lu\/de\/support\/reclamation-accessibilite.html\" target=\"_blank\" rel=\"noreferrer noopener\"><u>Online-Beschwerdeformular<\/u><\/a>, oder\u00a0<a href=\"https:\/\/www.ombudsman.lu\" target=\"_blank\" rel=\"noreferrer noopener\"><u>die Ombudsperson<\/u><\/a>, B\u00fcrgerbeauftragte des Gro\u00dfherzogtums Luxemburg, zu informieren.<\/p>\n\n\n\n<p>Diese Erkl\u00e4rung basiert auf der Mustererkl\u00e4rung, die im\u00a0<a href=\"https:\/\/eur-lex.europa.eu\/legal-content\/FR\/TXT\/?uri=CELEX%3A32018D1523\" target=\"_blank\" rel=\"noreferrer noopener\"><u>Durchf\u00fchrungsbeschluss (EU) 2018\/1523<\/u><\/a>\u00a0festgelegt wurde. Diese Mustererkl\u00e4rung geh\u00f6rt der Europ\u00e4ischen Union und ist durch eine\u00a0<a href=\"https:\/\/creativecommons.org\/licenses\/by\/4.0\/\" target=\"_blank\" rel=\"noreferrer noopener\"><u>Creative Commons Attribution 4.0 International<\/u><\/a>\u00a0Lizenz gesch\u00fctzt.<\/p>\n<\/div>\n<\/div>\n","protected":false},"excerpt":{"rendered":"<p>Die die Erkl\u00e4rung abgebende Stellen \u201eAssociation\u00a0d\u2019assurance\u00a0accident (AAA)\u201c, \u201eUnion des Entreprises\u00a0Luxembourgeoises (UEL)\u201c, \u201eInstitut national pour le d\u00e9veloppement durable et la RSE (INDR)\u201c, welche die \u201eVISION ZERO\u201c repr\u00e4sentieren, sind bem\u00fcht ihre Webseite im Einklang mit\u00a0dem Gesetz vom 28. Mai 2019\u00a0\u00fcber den barrierefreien Zugang zu den Webseiten und mobilen Anwendungen \u00f6ffentlicher Stellen barrierefrei zug\u00e4nglich zu machen. Diese Erkl\u00e4rung [&hellip;]<\/p>\n","protected":false},"author":1,"featured_media":0,"parent":0,"menu_order":0,"comment_status":"closed","ping_status":"closed","template":"","meta":{"inline_featured_image":false,"footnotes":""},"class_list":["post-509","page","type-page","status-publish","hentry"],"_links":{"self":[{"href":"https:\/\/forum.visionzero.lu\/de\/wp-json\/wp\/v2\/pages\/509","targetHints":{"allow":["GET"]}}],"collection":[{"href":"https:\/\/forum.visionzero.lu\/de\/wp-json\/wp\/v2\/pages"}],"about":[{"href":"https:\/\/forum.visionzero.lu\/de\/wp-json\/wp\/v2\/types\/page"}],"author":[{"embeddable":true,"href":"https:\/\/forum.visionzero.lu\/de\/wp-json\/wp\/v2\/users\/1"}],"replies":[{"embeddable":true,"href":"https:\/\/forum.visionzero.lu\/de\/wp-json\/wp\/v2\/comments?post=509"}],"version-history":[{"count":1,"href":"https:\/\/forum.visionzero.lu\/de\/wp-json\/wp\/v2\/pages\/509\/revisions"}],"predecessor-version":[{"id":511,"href":"https:\/\/forum.visionzero.lu\/de\/wp-json\/wp\/v2\/pages\/509\/revisions\/511"}],"wp:attachment":[{"href":"https:\/\/forum.visionzero.lu\/de\/wp-json\/wp\/v2\/media?parent=509"}],"curies":[{"name":"wp","href":"https:\/\/api.w.org\/{rel}","templated":true}]}}