{"id":516,"date":"2025-04-02T17:13:54","date_gmt":"2025-04-02T15:13:54","guid":{"rendered":"https:\/\/forumvz.clients.h2a.lu\/?page_id=516"},"modified":"2025-04-03T15:23:24","modified_gmt":"2025-04-03T13:23:24","slug":"nutzungsbedingungen","status":"publish","type":"page","link":"https:\/\/forum.visionzero.lu\/de\/nutzungsbedingungen\/","title":{"rendered":"Nutzungsbedingungen"},"content":{"rendered":"\n<div class=\"wp-block-group has-global-padding is-layout-constrained wp-container-core-group-is-layout-5a30f31b wp-block-group-is-layout-constrained\">\n<div class=\"wp-block-group has-global-padding is-layout-constrained wp-block-group-is-layout-constrained\">\n<h2 class=\"wp-block-heading has-x-large-font-size\"><strong><strong><strong>Allgemeine Bedingungen f\u00fcr die Nutzung der Webseite<\/strong><\/strong><\/strong><\/h2>\n\n\n\n<p>Es wird vorausgesetzt, dass jede Person, die die Webseite besucht und die auf der Webseite angebotenen Informationen, Dokumente, Produkte, Software und verschiedenen Dienstleistungen (zusammenfassend die \u201eDienstleistungen\u201c) nutzt, alle Bestimmungen und Hinweise dieser allgemeinen Nutzungsbedingungen gelesen und akzeptiert hat.<\/p>\n<\/div>\n\n\n\n<div class=\"wp-block-group has-global-padding is-layout-constrained wp-block-group-is-layout-constrained\">\n<h3 class=\"wp-block-heading has-large-font-size\">DEFINITION UND ZWECK<\/h3>\n\n\n\n<p>Die Seite wird von der AAA in enger Zusammenarbeit mit der UEL und dem INDR mit dem Ziel, Privatpersonen und Unternehmen \u00fcber das Forum zum Arbeits- und Gesundheitsschutz, eine Initiative der nationalen Strategie VISION ZERO, zu informieren.<\/p>\n\n\n\n<p>Die Webseite erm\u00f6glicht es den Nutzern insbesondere, Informationen \u00fcber das Forum zum Arbeits- und Gesundheitsschutz zu finden, sich daf\u00fcr anzumelden und die Initiatoren der VISION ZERO zu kontaktieren.<\/p>\n<\/div>\n\n\n\n<div class=\"wp-block-group has-global-padding is-layout-constrained wp-block-group-is-layout-constrained\">\n<h3 class=\"wp-block-heading has-large-font-size\">VERANTWORTLICHKEITEN<\/h3>\n\n\n\n<p>Der Zugriff auf die Seite erfolgt \u00fcber das Internet. Der Anwender erkl\u00e4rt, dass ihm die Risiken bekannt sind und er sie akzeptiert. Er ist f\u00fcr seine EDV-Installation verantwortlich und muss sich insbesondere durch eine angepasste und sichere EDV-Konfiguration vor den Auswirkungen der Datenpiraterie sch\u00fctzen.<\/p>\n\n\n\n<p>Die AAA, die UEL und das INDR k\u00f6nnen in keiner Weise f\u00fcr Sch\u00e4den oder Auswirkungen verantwortlich gemacht werden, die sich aus einer fehlerhaften, veralteten Publikation auf der Webseite ergeben k\u00f6nnten.<\/p>\n\n\n\n<p>Die AAA, die UEL und das INDR lehnen jede Verantwortung f\u00fcr die Nutzung der Informationen ab, die auf den Seiten der Webseite ver\u00f6ffentlicht sind. Der Inhalt dient nur zu Informationszwecken. Er enth\u00e4lt Informationen, die nicht unbedingt vollst\u00e4ndig, ersch\u00f6pfend, genau oder aktuell sind. Bei Unstimmigkeiten zwischen den auf der Webseite ver\u00f6ffentlichten Texten und den Originaldokumenten sind die Originaldokumente ma\u00dfgebend.<\/p>\n\n\n\n<p>Die AAA, die UEL und das INDR lehnen auch jede Verantwortung ab, falls die Webseite ganz oder teilweise, auch nur vor\u00fcbergehend, nicht verf\u00fcgbar sein sollte.<\/p>\n\n\n\n<p>Diese Haftungshinweise zielen nicht darauf ab, die in den geltenden Gesetzen festgelegten Anforderungen zu umgehen oder die Haftung in F\u00e4llen auszuschlie\u00dfen, in denen die Haftung nach diesen Gesetzen nicht ausgeschlossen werden kann.<\/p>\n\n\n\n<p>Die AAA, die UEL und das INDR haften nicht f\u00fcr Sch\u00e4den, die den Nutzern direkt oder indirekt im Zusammenhang mit dem Besuch der Webseite und der Nutzung ihrer Dienste oder der Webseiten, auf die sie verweist, entstehen k\u00f6nnen.<\/p>\n<\/div>\n\n\n\n<div class=\"wp-block-group has-global-padding is-layout-constrained wp-block-group-is-layout-constrained\">\n<h3 class=\"wp-block-heading has-large-font-size\">WEBSEITEN\u00c4NDERUNG<\/h3>\n\n\n\n<p>Die AAA, die UEL und das INDR behalten sich das Recht vor, die Webseite ohne Vorank\u00fcndigung zu \u00e4ndern, zu modifizieren oder einzustellen, um sie zu warten, zu aktualisieren oder anderweitig anzupassen, wenn dies als notwendig erachtet wird.<\/p>\n\n\n\n<p>Insbesondere k\u00f6nnen die AAA, die UEL und der INDR jederzeit alle oder einen Teil der auf der Webseite angebotenen Informationen, Dienstleistungen und Inhalte entfernen, hinzuf\u00fcgen, erg\u00e4nzen oder pr\u00e4zisieren.<\/p>\n\n\n\n<p>Die AAA, die UEL und das INDR haften nicht f\u00fcr direkte oder indirekte Sch\u00e4den im Zusammenhang mit solchen \u00c4nderungen.<\/p>\n<\/div>\n\n\n\n<div class=\"wp-block-group has-global-padding is-layout-constrained wp-block-group-is-layout-constrained\">\n<h3 class=\"wp-block-heading has-large-font-size\">LINKS ZU EXTERNEN SEITEN<\/h3>\n\n\n\n<p>F\u00fcr die Erleichterung der Nutzung kann die Webseite Links zu externen Webseiten enthalten, die f\u00fcr die Besucher n\u00fctzlich oder von Interesse sein k\u00f6nnen.<\/p>\n\n\n\n<p>Diese Seiten haben ihre eigenen Nutzungsbedingungen.<\/p>\n\n\n\n<p>Die AAA, die UEL und das INDR k\u00f6nnen nicht f\u00fcr die auf diesen Webseiten dargestellten Inhalte verantwortlich gemacht werden, weder im Hinblick auf deren Rechtm\u00e4\u00dfigkeit noch auf die Richtigkeit der darin enthaltenen Informationen.<\/p>\n<\/div>\n\n\n\n<div class=\"wp-block-group has-global-padding is-layout-constrained wp-block-group-is-layout-constrained\">\n<h3 class=\"wp-block-heading has-large-font-size\">GEISTIGES EIGENTUM<\/h3>\n\n\n\n<p>Die Webseite, alle ihre Elemente (einschlie\u00dflich des Layouts) sowie die Informationen und Dienstleistungen sind durch Gesetze zum Schutz des geistigen Eigentums und des Urheberrechts gesch\u00fctzt.<\/p>\n\n\n\n<p>Eingeschlossen sind, ohne dass diese Aufz\u00e4hlung ersch\u00f6pfend ist, alle Marken, Namen, Logos, Bilder, Fotos, Videos, Zeichnungen, Texte, Animationen, Funktionalit\u00e4ten, grafische Darstellungen, unabh\u00e4ngig davon, ob sie durch einen gewerblichen Schutztitel, durch das Urheberrecht oder als geistiges Eigentum gesch\u00fctzt sind oder nicht.<\/p>\n\n\n\n<p>Sofern nicht anders angegeben, gew\u00e4hren die AAA, die UEL und das INDR keine Lizenz oder Genehmigung in Bezug auf die geistigen Eigentumsrechte, die sie an der Webseite, ihren Elementen oder Dienstleistungen haben. Dar\u00fcber hinaus ist keine Vervielf\u00e4ltigung der Informationen oder Dienstleistungen, ganz oder teilweise, in irgendeiner Form und mit irgendwelchen Mitteln, ohne vorherige schriftliche Genehmigung der AAA, der UEL und des INDR erlaubt.<\/p>\n\n\n\n<p>Wenn nicht anders angegeben, ist der Benutzer berechtigt, die verf\u00fcgbaren Dokumente und Informationen einzusehen, herunterzuladen und auszudrucken. Diese Dokumente und Informationen d\u00fcrfen in keiner Weise ver\u00e4ndert werden.<\/p>\n\n\n\n<p>Die Ihnen oben implizit oder explizit einger\u00e4umten Rechte stellen eine Nutzungsgenehmigung und keinesfalls eine \u00dcbertragung von Rechten, Eigentum oder anderen Rechten in Bezug auf die Webseite dar.<\/p>\n<\/div>\n\n\n\n<div class=\"wp-block-group has-global-padding is-layout-constrained wp-block-group-is-layout-constrained\">\n<h3 class=\"wp-block-heading has-large-font-size\">\u00c4NDERUNG DER ALLGEMEINEN NUTZUNGSBEDINGUNGEN<\/h3>\n\n\n\n<p>Die allgemeinen Nutzungsbedingungen k\u00f6nnen jederzeit und ohne Vorank\u00fcndigung ge\u00e4ndert oder erg\u00e4nzt werden, je nach den auf der Webseite vorgenommenen \u00c4nderungen, \u00c4nderungen der Gesetzgebung oder aus anderen Gr\u00fcnden, die f\u00fcr notwendig erachtet werden. Es liegt in der Verantwortung des Benutzers, sich \u00fcber die allgemeinen Nutzungsbedingungen der Webseite zu informieren, von denen nur die online zug\u00e4ngliche aktualisierte Version als g\u00fcltig gilt.<\/p>\n<\/div>\n\n\n\n<div class=\"wp-block-group has-global-padding is-layout-constrained wp-block-group-is-layout-constrained\">\n<h3 class=\"wp-block-heading has-large-font-size\">ANWENDBARES RECHT UND ZUST\u00c4NDIGE GERICHTSBARKEITEN<\/h3>\n\n\n\n<p>Alle Streitigkeiten im Zusammenhang mit der Nutzung der Webseite und der Dienstleistungen unterliegen dem luxemburgischen Recht und fallen in die ausschlie\u00dfliche Zust\u00e4ndigkeit der Gerichte des Gro\u00dfherzogtums Luxemburg.<\/p>\n<\/div>\n<\/div>\n\n\n\n<hr class=\"wp-block-separator has-text-color has-white-color has-alpha-channel-opacity has-white-background-color has-background is-style-wide\"\/>\n\n\n\n<div class=\"wp-block-group has-global-padding is-layout-constrained wp-container-core-group-is-layout-5a30f31b wp-block-group-is-layout-constrained\">\n<h2 class=\"wp-block-heading has-x-large-font-size\"><strong><strong><strong>Allgemeine Bedingungen f\u00fcr die Anmeldung zum Forum zum Arbeits- und Gesundheitsschutz<\/strong><\/strong><\/strong><\/h2>\n\n\n\n<div class=\"wp-block-group has-global-padding is-layout-constrained wp-block-group-is-layout-constrained\">\n<h3 class=\"wp-block-heading has-large-font-size\">Die Anmeldung f\u00fcr Besucher<\/h3>\n\n\n\n<p>Die Anmeldung von Besuchern ist kostenlos. Sobald die Anmeldung best\u00e4tigt ist, erhalten die Besucher eine Best\u00e4tigungsemail.<\/p>\n<\/div>\n\n\n\n<div class=\"wp-block-group has-global-padding is-layout-constrained wp-block-group-is-layout-constrained\">\n<h3 class=\"wp-block-heading has-large-font-size\">Die Anmeldung f\u00fcr Aussteller<\/h3>\n\n\n\n<p>Nur Unternehmen, die im Bereich der Sicherheit, Gesundheit und\/oder des Wohlbefindens am Arbeitsplatz t\u00e4tig sind, sind teilnahmeberechtigt.<\/p>\n\n\n\n<p>Die Anmeldung sowie der Basisstand sind kostenlos. Es gibt jedoch die Option, f\u00fcr einen gr\u00f6\u00dferen Stand zu bezahlen. Nach der Validierung der Buchung f\u00fcr den Messestand wird die Liste der Aussteller auf der Website des Forums zum Arbeits- und Gesundheitsschutz ver\u00f6ffentlicht. Sollte die Buchungsanfrage nicht angenommen werden, wird der betreffende Aussteller per E-Mail benachrichtigt.<\/p>\n\n\n\n<p>Bei k\u00fcnftigen Ausgaben des Forums zum Arbeits- und Gesundheitsschutz behalten sich die Organisatoren das Recht vor, Aussteller, die ihre Teilnahme nach Ablauf der Anmeldefrist storniert haben, nicht mehr zuzulassen.<\/p>\n<\/div>\n\n\n\n<div class=\"wp-block-group has-global-padding is-layout-constrained wp-block-group-is-layout-constrained\">\n<h3 class=\"wp-block-heading has-large-font-size\">ANZEIGEN<\/h3>\n\n\n\n<p>Aussteller sind berechtigt, f\u00fcr das Forum zum Arbeits- und Gesundheitsschutz zu werben, indem sie die Veranstaltung ver\u00f6ffentlichen. F\u00fcr alle anderen Anfragen zu Logos oder Kommunikationsunterst\u00fctzung senden Sie bitte eine E-Mail an <a href=\"mailto:communication.aaa@secu.lu\">communication.aaa@secu.lu<\/a>.<\/p>\n<\/div>\n\n\n\n<div class=\"wp-block-group has-global-padding is-layout-constrained wp-block-group-is-layout-constrained\">\n<h3 class=\"wp-block-heading has-large-font-size\">INFORMATION UND KOMMUNIKATION<\/h3>\n\n\n\n<p>Die Aussteller werden nach Best\u00e4tigung Ihrer Buchung f\u00fcr den Messestand in das Ausstellerverzeichnis aufgenommen. Sollte die Buchungsanfrage nicht angenommen werden, wird der betreffende Aussteller per E-Mail benachrichtigt. Die Aussteller werden vor dem Forum \u00fcber die praktischen Details zum Ablauf des Forums informiert. Aussteller, die kostenpflichtige Optionen beantragt haben, erhalten eine Rechnung von der Veranstaltungsagentur.<\/p>\n\n\n\n<p>Besucher erhalten nach der Anmeldung eine Best\u00e4tigungs-E-Mail. Besucher, die an der Konferenz oder den Workshops teilgenommen haben, erhalten ebenfalls eine E-Mail mit ihrem(n) Zertifikat(en).<\/p>\n<\/div>\n\n\n\n<div class=\"wp-block-group has-global-padding is-layout-constrained wp-block-group-is-layout-constrained\">\n<h3 class=\"wp-block-heading has-large-font-size\">Kosten<\/h3>\n\n\n\n<p>F\u00fcr Aussteller sind sowohl die Anmeldung als auch der Basisstand kostenlos. Es gibt jedoch die Option, f\u00fcr einen gr\u00f6\u00dferen Stand zu bezahlen.<\/p>\n\n\n\n<p>F\u00fcr Besucher sind sowohl die Anmeldung als auch die Teilnahme am Forum kostenlos.<\/p>\n<\/div>\n<\/div>\n\n\n\n<hr class=\"wp-block-separator has-text-color has-white-color has-alpha-channel-opacity has-white-background-color has-background is-style-wide\"\/>\n\n\n\n<div class=\"wp-block-group has-global-padding is-layout-constrained wp-block-group-is-layout-constrained\">\n<h2 class=\"wp-block-heading has-x-large-font-size\"><strong><strong><strong>Modifikation der Bedingungen<\/strong><\/strong><\/strong><\/h2>\n\n\n\n<p>Die Bedingungen k\u00f6nnen jederzeit und ohne Vorank\u00fcndigung ge\u00e4ndert oder erg\u00e4nzt werden, je nach \u00c4nderungen an der Webseite, \u00c4nderungen in der Gesetzgebung oder aus anderen Gr\u00fcnden, die als notwendig erachtet werden. Es liegt in der Verantwortung des Internetnutzers, sich selbst zu informieren.<\/p>\n<\/div>\n","protected":false},"excerpt":{"rendered":"<p>Allgemeine Bedingungen f\u00fcr die Nutzung der Webseite Es wird vorausgesetzt, dass jede Person, die die Webseite besucht und die auf der Webseite angebotenen Informationen, Dokumente, Produkte, Software und verschiedenen Dienstleistungen (zusammenfassend die \u201eDienstleistungen\u201c) nutzt, alle Bestimmungen und Hinweise dieser allgemeinen Nutzungsbedingungen gelesen und akzeptiert hat. DEFINITION UND ZWECK Die Seite wird von der AAA in [&hellip;]<\/p>\n","protected":false},"author":1,"featured_media":0,"parent":0,"menu_order":0,"comment_status":"closed","ping_status":"closed","template":"","meta":{"inline_featured_image":false,"footnotes":""},"class_list":["post-516","page","type-page","status-publish","hentry"],"_links":{"self":[{"href":"https:\/\/forum.visionzero.lu\/de\/wp-json\/wp\/v2\/pages\/516","targetHints":{"allow":["GET"]}}],"collection":[{"href":"https:\/\/forum.visionzero.lu\/de\/wp-json\/wp\/v2\/pages"}],"about":[{"href":"https:\/\/forum.visionzero.lu\/de\/wp-json\/wp\/v2\/types\/page"}],"author":[{"embeddable":true,"href":"https:\/\/forum.visionzero.lu\/de\/wp-json\/wp\/v2\/users\/1"}],"replies":[{"embeddable":true,"href":"https:\/\/forum.visionzero.lu\/de\/wp-json\/wp\/v2\/comments?post=516"}],"version-history":[{"count":1,"href":"https:\/\/forum.visionzero.lu\/de\/wp-json\/wp\/v2\/pages\/516\/revisions"}],"predecessor-version":[{"id":518,"href":"https:\/\/forum.visionzero.lu\/de\/wp-json\/wp\/v2\/pages\/516\/revisions\/518"}],"wp:attachment":[{"href":"https:\/\/forum.visionzero.lu\/de\/wp-json\/wp\/v2\/media?parent=516"}],"curies":[{"name":"wp","href":"https:\/\/api.w.org\/{rel}","templated":true}]}}