{"id":523,"date":"2025-04-02T16:56:54","date_gmt":"2025-04-02T14:56:54","guid":{"rendered":"https:\/\/forumvz.clients.h2a.lu\/?page_id=523"},"modified":"2025-04-03T15:26:26","modified_gmt":"2025-04-03T13:26:26","slug":"rechtliche-informationen","status":"publish","type":"page","link":"https:\/\/forum.visionzero.lu\/de\/rechtliche-informationen\/","title":{"rendered":"Rechtliche Informationen"},"content":{"rendered":"\n<div class=\"wp-block-group has-global-padding is-layout-constrained wp-block-group-is-layout-constrained\">\n<p>Sie sind auf der offiziellen Webseite des Forums zum Arbeits- und Gesundheitsschutz, eine Initiative der nationalen Strategie VISION ZERO. Die Initiatoren der VISION ZERO sind: Association d\u2019Assurance Accident (nachstehend \u201e AAA\u201c), Union des Entreprises Luxembourgeoises (nachstehend \u201e UEL\u201c), Institut National pour le D\u00e9veloppement durable et la Responsabilit\u00e9 sociale des entreprises (nachstehend \u201e INDR\u201c).<\/p>\n\n\n\n<p>Diese Webseite wird von der zust\u00e4ndigen Beh\u00f6rde, der AAA, in enger Abstimmung mit der UEL und dem INDR ver\u00f6ffentlicht und betrieben. Die Website wird von VISUAL ONLINE gehostet. Die Entwicklung der Webseite wird von der Agentur h2a durchgef\u00fchrt. Es wurde gr\u00f6\u00dfte Sorgfalt walten lassen, um ein angemessenes Niveau an Qualit\u00e4t und Barrierefreiheit zu gew\u00e4hrleisten.<\/p>\n\n\n\n<p>Die Unfallversicherung (AAA) ist eine \u00f6ffentlich-rechtliche Anstalt, die 1902 gegr\u00fcndet wurde und dem Ministerium f\u00fcr Sozialversicherungswesen untersteht. Der Sitz der AAA befindet sich unter folgender Adresse: 4, rue Mercier, L-2144 Luxemburg. Die AAA ist im luxemburgischen Handels- und Gesellschaftsregister unter der Nummer J16 eingetragen.<\/p>\n\n\n\n<p>Die UEL ist der Dachverband der luxemburgischen Arbeitsgeber. Der Sitz der UEL befindet sich unter folgender Adresse: 7, rue&nbsp;Alcide&nbsp;Gasperi, L-1615 Luxembourg. Die UEL ist im luxemburgischen Handels- und Gesellschaftsregister unter der Nummer F2065 eingetragen.<\/p>\n\n\n\n<p>Das Nationale Institut f\u00fcr nachhaltige Entwicklung und Soziale Verantwortung der Unternehmen (INDR) hat zur Aufgabe den Unternehmen bei der strategischen Einf\u00fchrung der sozialen Verantwortung (CSR) beizustehen, damit sie zur nachhaltigen Entwicklung beitragen und ihre Wettbewerbsf\u00e4higkeit sowie ihr Image zu verbessern. Der Sitz des INDR befindet sich unter folgender Adresse: 7, rue&nbsp;Alcide&nbsp;Gasperi, L-1615 Luxembourg. Der INDR ist im luxemburgischen Handels- und Gesellschaftsregister unter der Nummer F7455 eingetragen.<\/p>\n\n\n\n<p>Wir empfehlen Ihnen, die Informationen zum <a href=\"https:\/\/forumvz.clients.h2a.lu\/de\/datenschutz\/\">Datenschutz<\/a> und zu den allgemeinen <a href=\"https:\/\/forumvz.clients.h2a.lu\/de\/nutzungsbedingungen\/\" data-type=\"page\" data-id=\"516\">Nutzungsbedingungen<\/a> der Internetseite aufzurufen.<\/p>\n<\/div>\n","protected":false},"excerpt":{"rendered":"<p>Sie sind auf der offiziellen Webseite des Forums zum Arbeits- und Gesundheitsschutz, eine Initiative der nationalen Strategie VISION ZERO. Die Initiatoren der VISION ZERO sind: Association d\u2019Assurance Accident (nachstehend \u201e AAA\u201c), Union des Entreprises Luxembourgeoises (nachstehend \u201e UEL\u201c), Institut National pour le D\u00e9veloppement durable et la Responsabilit\u00e9 sociale des entreprises (nachstehend \u201e INDR\u201c). Diese Webseite [&hellip;]<\/p>\n","protected":false},"author":1,"featured_media":0,"parent":0,"menu_order":0,"comment_status":"closed","ping_status":"closed","template":"","meta":{"inline_featured_image":false,"footnotes":""},"class_list":["post-523","page","type-page","status-publish","hentry"],"_links":{"self":[{"href":"https:\/\/forum.visionzero.lu\/de\/wp-json\/wp\/v2\/pages\/523","targetHints":{"allow":["GET"]}}],"collection":[{"href":"https:\/\/forum.visionzero.lu\/de\/wp-json\/wp\/v2\/pages"}],"about":[{"href":"https:\/\/forum.visionzero.lu\/de\/wp-json\/wp\/v2\/types\/page"}],"author":[{"embeddable":true,"href":"https:\/\/forum.visionzero.lu\/de\/wp-json\/wp\/v2\/users\/1"}],"replies":[{"embeddable":true,"href":"https:\/\/forum.visionzero.lu\/de\/wp-json\/wp\/v2\/comments?post=523"}],"version-history":[{"count":3,"href":"https:\/\/forum.visionzero.lu\/de\/wp-json\/wp\/v2\/pages\/523\/revisions"}],"predecessor-version":[{"id":528,"href":"https:\/\/forum.visionzero.lu\/de\/wp-json\/wp\/v2\/pages\/523\/revisions\/528"}],"wp:attachment":[{"href":"https:\/\/forum.visionzero.lu\/de\/wp-json\/wp\/v2\/media?parent=523"}],"curies":[{"name":"wp","href":"https:\/\/api.w.org\/{rel}","templated":true}]}}