{"id":9765,"date":"2025-09-22T14:46:28","date_gmt":"2025-09-22T12:46:28","guid":{"rendered":"https:\/\/forum.visionzero.lu\/prix-securite-sante-au-travail\/"},"modified":"2026-05-08T14:03:07","modified_gmt":"2026-05-08T12:03:07","slug":"arbeits-und-gesundheitsschutzpreis","status":"publish","type":"page","link":"https:\/\/forum.visionzero.lu\/de\/mehr-zum-forum\/arbeits-und-gesundheitsschutzpreis\/","title":{"rendered":"Arbeits- und Gesundheitsschutzpreis"},"content":{"rendered":"\n<div class=\"wp-block-group alignwide header-price-archive has-global-padding is-layout-constrained wp-block-group-is-layout-constrained\">\n<div class=\"wp-block-columns pattern-details-cols is-layout-flex wp-container-core-columns-is-layout-28f84493 wp-block-columns-is-layout-flex\">\n<div class=\"wp-block-column is-layout-flow wp-block-column-is-layout-flow\" style=\"flex-basis:66.66%\">\n<h1 class=\"wp-block-heading\"><strong>Arbeits- und Gesundheitsschutzpreis<\/strong><\/h1>\n\n\n\n<p>Der Arbeits- und Gesundheitsschutzpreis wird alle zwei Jahre verliehen und zeichnet Unternehmen und Organisationen aus, die sich konkret f\u00fcr den Schutz ihrer Besch\u00e4ftigten, die Vermeidung von Berufsrisiken und die Verbesserung des Wohlbefindens am Arbeitsplatz einsetzen.<\/p>\n\n\n\n<p>Der Arbeits- und Gesundheitsschutzpreis wird von den Initiatoren der VISION ZERO organisiert und von 2 Ministerien verliehen: Ministerium f\u00fcr Gesundheit und f\u00fcr Sozialversicherungswesen und Ministerium f\u00fcr Arbeit, in Zusammenarbeit mit den Veranstaltern der Unfallversicherung (<a href=\"https:\/\/aaa.public.lu\/fr.html\"><u>AAA<\/u><\/a>), dem Dachverband der luxemburgischen Arbeitgeber (<a href=\"http:\/\/www.uel.lu\/\"><u>UEL<\/u><\/a>), dem nationalen Institut f\u00fcr nachhaltige Entwicklung und soziale Verantwortung der Unternehmen (<a href=\"https:\/\/indr.lu\/\"><u>INDR<\/u><\/a>), der Gewerbeaufsicht (<a href=\"http:\/\/www.itm.lu\/de\/home.html\"><u>ITM<\/u><\/a>) und der Gesundheitsbeh\u00f6rde\/Abteilung f\u00fcr Arbeitsmedizin (<u><a href=\"https:\/\/dirsante.gouvernement.lu\/fr\/la-direction\/structure\/sante-travail.html\">DSAT<\/a><\/u>).<\/p>\n<\/div>\n\n\n\n<div class=\"wp-block-column is-layout-flow wp-block-column-is-layout-flow\" style=\"flex-basis:33.33%\">\n<div class=\"wp-block-group logo-prix has-global-padding is-layout-constrained wp-block-group-is-layout-constrained\">\n<figure class=\"wp-block-image size-full\"><img decoding=\"async\" src=\"https:\/\/forum.visionzero.lu\/wp-content\/uploads\/2025\/09\/Logo-Prix_DE.svg\" alt=\"\" class=\"wp-image-9904\"\/><\/figure>\n<\/div>\n\n\n\n<div data-icon=\"icon-date\" data-icon-color=\"var(--wp--preset--color--secondary-light)\" style=\"--icon-color:var(--wp--preset--color--secondary-light)\" class=\"wp-block-aaaforum-event wp-block-aaaforum-event-date\">\n<div class=\"wp-block-group is-vertical is-content-justification-center is-layout-flex wp-container-core-group-is-layout-6a2ecd95 wp-block-group-is-layout-flex\" style=\"padding-top:var(--wp--preset--spacing--60);padding-right:var(--wp--preset--spacing--40);padding-bottom:var(--wp--preset--spacing--40);padding-left:var(--wp--preset--spacing--40)\">\n<div class=\"wp-block-group is-vertical is-content-justification-center is-layout-flex wp-container-core-group-is-layout-c3249634 wp-block-group-is-layout-flex\" style=\"padding-top:0;padding-bottom:0\">\n<p class=\"has-text-align-center has-black-color has-text-color has-x-large-font-size\">Abstimmung f\u00fcr den<\/p>\n\n\n\n\n\n<p class=\"has-text-align-center has-black-color has-text-color has-xx-large-font-size\">PublikumsPreis 2026<\/p>\n\n\n\n<div style=\"--icon-color:var(--wp--preset--color--secondary-dark)\" class=\"wp-block-aaaforum-details wp-block-group is-nowrap is-layout-flex wp-block-group-is-layout-flex\"><div class=\"icon-circle\"><i class=\"icon icon-horaire\" aria-hidden=\"true\"><\/i><span class=\"hors-ecran\">Horaire:<\/span><\/div><p>25.03 &#8211; 06.05.2026<\/p><\/div>\n<\/div>\n\n\n\n<div class=\"wp-block-buttons is-layout-flex wp-block-buttons-is-layout-flex\"><\/div>\n<\/div>\n<\/div>\n<\/div>\n<\/div>\n<\/div>\n\n\n\n<div class=\"wp-block-group alignwide is-vertical is-layout-flex wp-container-core-group-is-layout-fe9cc265 wp-block-group-is-layout-flex\">            <div id=\"image-carousel-\" class=\"image-carousel style-boxed\">\n                    <div id=\"gallery-16564-8283\" class=\"image-carousel style-boxed\">\n                    <!-- Grid Layout -->\n            <div class=\"grid-gallery\">\n                                    <figure class=\"wp-block-image\">\n                        <img decoding=\"async\" \n                            src=\"https:\/\/forum.visionzero.lu\/wp-content\/uploads\/2026\/03\/Prix-2026-0-1024x683.jpg\" \n                            alt=\"Photo du groupe avec les 5 laur\u00e9ats\"\n                            width=\"1024\"\n                            height=\"683\"\n                            loading=\"lazy\"\n                            tabindex=\"0\"\n                            role=\"button\"\n                            aria-label=\"Voir l&#039;image 1 de la galerie\"\n                        \/>\n                    <\/figure>\n                                    <figure class=\"wp-block-image\">\n                        <img decoding=\"async\" \n                            src=\"https:\/\/forum.visionzero.lu\/wp-content\/uploads\/2026\/03\/Prix-2026-1-1024x683.jpg\" \n                            alt=\"Remise du Prix au laur\u00e9at FT-Rail\"\n                            width=\"1024\"\n                            height=\"683\"\n                            loading=\"lazy\"\n                            tabindex=\"0\"\n                            role=\"button\"\n                            aria-label=\"Voir l&#039;image 2 de la galerie\"\n                        \/>\n                    <\/figure>\n                                    <figure class=\"wp-block-image\">\n                        <img decoding=\"async\" \n                            src=\"https:\/\/forum.visionzero.lu\/wp-content\/uploads\/2026\/03\/Prix-2026-2-1024x683.jpg\" \n                            alt=\"Remise du Prix au laur\u00e9at POST Luxembourg\"\n                            width=\"1024\"\n                            height=\"683\"\n                            loading=\"lazy\"\n                            tabindex=\"0\"\n                            role=\"button\"\n                            aria-label=\"Voir l&#039;image 3 de la galerie\"\n                        \/>\n                    <\/figure>\n                                    <figure class=\"wp-block-image\">\n                        <img decoding=\"async\" \n                            src=\"https:\/\/forum.visionzero.lu\/wp-content\/uploads\/2026\/03\/Prix-2026-5-1024x683.jpg\" \n                            alt=\"Remise du Prix au laur\u00e9at La S\u00e9curit\u00e9 Routi\u00e8re\"\n                            width=\"1024\"\n                            height=\"683\"\n                            loading=\"lazy\"\n                            tabindex=\"0\"\n                            role=\"button\"\n                            aria-label=\"Voir l&#039;image 4 de la galerie\"\n                        \/>\n                    <\/figure>\n                                    <figure class=\"wp-block-image\">\n                        <img decoding=\"async\" \n                            src=\"https:\/\/forum.visionzero.lu\/wp-content\/uploads\/2026\/03\/Prix-2026-4-1024x683.jpg\" \n                            alt=\"Remise du Prix au laur\u00e9at Croix-rouge luxembourgeoise\"\n                            width=\"1024\"\n                            height=\"683\"\n                            loading=\"lazy\"\n                            tabindex=\"0\"\n                            role=\"button\"\n                            aria-label=\"Voir l&#039;image 5 de la galerie\"\n                        \/>\n                    <\/figure>\n                                    <figure class=\"wp-block-image\">\n                        <img decoding=\"async\" \n                            src=\"https:\/\/forum.visionzero.lu\/wp-content\/uploads\/2026\/03\/Prix-2026-3-1024x683.jpg\" \n                            alt=\"Laur\u00e9at Digital factory\"\n                            width=\"1024\"\n                            height=\"683\"\n                            loading=\"lazy\"\n                            tabindex=\"0\"\n                            role=\"button\"\n                            aria-label=\"Voir l&#039;image 6 de la galerie\"\n                        \/>\n                    <\/figure>\n                                    <figure class=\"wp-block-image\">\n                        <img decoding=\"async\" \n                            src=\"https:\/\/forum.visionzero.lu\/wp-content\/uploads\/2026\/03\/Prix-2026-6-1024x683.jpg\" \n                            alt=\"troph\u00e9e du Prix\"\n                            width=\"1024\"\n                            height=\"683\"\n                            loading=\"lazy\"\n                            tabindex=\"0\"\n                            role=\"button\"\n                            aria-label=\"Voir l&#039;image 7 de la galerie\"\n                        \/>\n                    <\/figure>\n                            <\/div>\n            <!-- Galerie compl\u00e8te pour la modal -->\n            <div class=\"full-gallery\" style=\"display: none;\">\n                                    <img decoding=\"async\" \n                        src=\"https:\/\/forum.visionzero.lu\/wp-content\/uploads\/2026\/03\/Prix-2026-0-1024x683.jpg\" \n                        alt=\"Photo du groupe avec les 5 laur\u00e9ats\"\n                        width=\"1024\"\n                        height=\"683\"\n                        tabindex=\"0\"\n                    \/>\n                                    <img decoding=\"async\" \n                        src=\"https:\/\/forum.visionzero.lu\/wp-content\/uploads\/2026\/03\/Prix-2026-1-1024x683.jpg\" \n                        alt=\"Remise du Prix au laur\u00e9at FT-Rail\"\n                        width=\"1024\"\n                        height=\"683\"\n                        tabindex=\"-1\"\n                    \/>\n                                    <img decoding=\"async\" \n                        src=\"https:\/\/forum.visionzero.lu\/wp-content\/uploads\/2026\/03\/Prix-2026-2-1024x683.jpg\" \n                        alt=\"Remise du Prix au laur\u00e9at POST Luxembourg\"\n                        width=\"1024\"\n                        height=\"683\"\n                        tabindex=\"-1\"\n                    \/>\n                                    <img decoding=\"async\" \n                        src=\"https:\/\/forum.visionzero.lu\/wp-content\/uploads\/2026\/03\/Prix-2026-5-1024x683.jpg\" \n                        alt=\"Remise du Prix au laur\u00e9at La S\u00e9curit\u00e9 Routi\u00e8re\"\n                        width=\"1024\"\n                        height=\"683\"\n                        tabindex=\"-1\"\n                    \/>\n                                    <img decoding=\"async\" \n                        src=\"https:\/\/forum.visionzero.lu\/wp-content\/uploads\/2026\/03\/Prix-2026-4-1024x683.jpg\" \n                        alt=\"Remise du Prix au laur\u00e9at Croix-rouge luxembourgeoise\"\n                        width=\"1024\"\n                        height=\"683\"\n                        tabindex=\"-1\"\n                    \/>\n                                    <img decoding=\"async\" \n                        src=\"https:\/\/forum.visionzero.lu\/wp-content\/uploads\/2026\/03\/Prix-2026-3-1024x683.jpg\" \n                        alt=\"Laur\u00e9at Digital factory\"\n                        width=\"1024\"\n                        height=\"683\"\n                        tabindex=\"-1\"\n                    \/>\n                                    <img decoding=\"async\" \n                        src=\"https:\/\/forum.visionzero.lu\/wp-content\/uploads\/2026\/03\/Prix-2026-6-1024x683.jpg\" \n                        alt=\"troph\u00e9e du Prix\"\n                        width=\"1024\"\n                        height=\"683\"\n                        tabindex=\"-1\"\n                    \/>\n                            <\/div>\n            <\/div>\n    \n                                <\/div>\n            \n\n\n<div class=\"wp-block-aaaforum-info wp-block-columns has-background info-type-default has-secondary-light-background-color\"><div class=\"wp-block-column\" style=\"flex-basis:25%\"><h2 class=\"wp-block-heading has-x-large-font-size\"><strong>Zu gewinnen<\/strong><\/h2><\/div><div class=\"wp-block-column\" style=\"flex-basis:58.33333%\">\n<p class=\"has-large-font-size\"><strong><strong>Es werden 5 Preise im Wert von jeweils 5.000 \u20ac vergebe<\/strong>n.&nbsp;<\/strong><\/p>\n\n\n\n<p class=\"has-large-font-size\"><strong>Die Gewinner erhalten au\u00dferdem<\/strong> ein professionelles Video, in dem ihr Projekt dargestellt wird. Dieses Video wird auf der n\u00e4chsten Ausgabe des Forums f\u00fcr Arbeits- und Gesundheitsschutz (Messe Format) gezeigt.<\/p>\n<\/div><div class=\"wp-block-column icon-illu icon-illu-default\" style=\"flex-basis:16.66666%\"><img decoding=\"async\" src=\"https:\/\/forum.visionzero.lu\/wp-content\/themes\/aaaforum\/assets\/vectors\/illus\/illu-default-white.svg\" alt=\"\"\/><\/div><\/div>\n\n\n\n<div class=\"wp-block-aaaforum-info wp-block-columns has-background info-type-default has-secondary-light-background-color\"><div class=\"wp-block-column\" style=\"flex-basis:25%\"><h2 class=\"wp-block-heading has-x-large-font-size\">Publikumspreis<\/h2><\/div><div class=\"wp-block-column\" style=\"flex-basis:58.33333%\">\n<p class=\"has-large-font-size\">Zus\u00e4tzlich zu den von der Jury vergebenen Preisen wird <strong>der Publikumspreis mit einem zus\u00e4tzlichen Wert von 2.000 \u20ac<\/strong> an einen der Preistr\u00e4ger verliehen.<\/p>\n\n\n\n<p class=\"has-large-font-size\">Die <strong><a href=\"https:\/\/forum.visionzero.lu\/de\/voting-fuerden-publikumspreis\/\">Online-Abstimmung<\/a><\/strong> f\u00fcr den Publikumspreis 2026 l\u00e4uft bis zum 6. Mai 2026. In diesem Sinne k\u00f6nnen die Preistr\u00e4ger ihre Videos nach der Preisverleihung auf ihrer Webseite sowie in ihren sozialen Netzwerken ver\u00f6ffentlichen. Der Gewinner des Publikumspreises wird nach Abschluss der Abstimmung bekannt gegeben.<\/p>\n<\/div><div class=\"wp-block-column icon-illu icon-illu-default\" style=\"flex-basis:16.66666%\"><img decoding=\"async\" src=\"https:\/\/forum.visionzero.lu\/wp-content\/themes\/aaaforum\/assets\/vectors\/illus\/illu-default-white.svg\" alt=\"\"\/><\/div><\/div>\n<\/div>\n\n\n\n\n\n<div class=\"wp-block-columns pattern-details-cols is-layout-flex wp-container-core-columns-is-layout-28f84493 wp-block-columns-is-layout-flex\">\n<div class=\"wp-block-column is-layout-flow wp-block-column-is-layout-flow\" style=\"flex-basis:66.66%\">\n<h2 class=\"wp-block-heading has-x-large-font-size\"><strong>Warum sollte man teilnehmen?<\/strong><\/h2>\n\n\n\n<p>Der Preis beabsichtigt:<\/p>\n\n\n\n<ul class=\"wp-block-list\">\n<li>innovative Initiativen im Bereich des Arbeitsschutzes, des Gesundheitsschutzes und des Wohlbefindens am Arbeitsplatz zu w\u00fcrdigen;<\/li>\n\n\n\n<li>die gemeinsamen Bem\u00fchungen von Arbeitnehmer und Arbeitgeber zur Vermeidung von Arbeitsunf\u00e4llen und Berufskrankheiten hervorzuheben;<\/li>\n\n\n\n<li>Investitionen der Unternehmen in den Bereichen Arbeitsschutz, Gesundheitsschutz und Wohlbefinden am Arbeitsplatz zu f\u00f6rdern;<\/li>\n\n\n\n<li>die Leistungen der Betriebe in umfassendem Ma\u00dfe zu verbreiten, damit so viele Unternehmen wie m\u00f6glich sich diese zu Nutze machen k\u00f6nnen.<\/li>\n<\/ul>\n\n\n\n<p><strong>N.B. <strong>Teilnahmeberechtigt sind alle Unternehmen mit einer Arbeitgeberkennnummer bei der luxemburgischen Zentralstelle der Sozialversicherungen (Centrecommun de la s\u00e9curit\u00e9sociale &#8211; CCSS) beziehungsweise alle Organisationen, die ihre Aktivit\u00e4ten in Luxemburg aus\u00fcbe<\/strong>.<\/strong><\/p>\n\n\n<\/div>\n\n\n\n<div class=\"wp-block-column is-layout-flow wp-block-column-is-layout-flow\" style=\"flex-basis:33.33%\"><\/div>\n<\/div>\n\n\n\n\n\n\n\n\n<div class=\"wp-block-template-part\">\n<div id=\"previous-editions-price-container\" class=\"wp-block-group is-vertical is-content-justification-center is-layout-flex wp-container-core-group-is-layout-ce155fab wp-block-group-is-layout-flex\">\n<h2 class=\"wp-block-heading has-text-align-center\">Gewinner fr\u00fcherer<br>Ausgaben ansehen<\/h2>\n\n\n<div class=\"edition-query-results-price\">            <div class=\"edition-item\">\n              <div class=\"edition-item-informations\">\n                <h3>2026<\/h3>\n                                    <p class=\"edition-type-text\">5. Auflage<\/p>\n                              <\/div>\n              <div class=\"wp-block-buttons is-layout-flex wp-block-buttons-is-layout-flex\">\n                <div class=\"wp-block-button is-style-button-outline-small is-style-button-outline-small--2\">\n                  <div class=\"wp-block-button__link has-secondary-background-color has-background wp-element-button\">\n                    Mehr dazu                  <\/div>\n                <\/div>\n              <\/div>\n              <a href=\"https:\/\/forum.visionzero.lu\/de\/edition-preis\/2026\/\">Consulter l&#8217;\u00e9dition du prix<\/a>\n            <\/div>\n                        <div class=\"edition-item\">\n              <div class=\"edition-item-informations\">\n                <h3>2024<\/h3>\n                                    <p class=\"edition-type-text\">4. Auflage<\/p>\n                              <\/div>\n              <div class=\"wp-block-buttons is-layout-flex wp-block-buttons-is-layout-flex\">\n                <div class=\"wp-block-button is-style-button-outline-small is-style-button-outline-small--2\">\n                  <div class=\"wp-block-button__link has-secondary-background-color has-background wp-element-button\">\n                    Mehr dazu                  <\/div>\n                <\/div>\n              <\/div>\n              <a href=\"https:\/\/forum.visionzero.lu\/de\/edition-preis\/2024\/\">Consulter l&#8217;\u00e9dition du prix<\/a>\n            <\/div>\n                        <div class=\"edition-item\">\n              <div class=\"edition-item-informations\">\n                <h3>2022<\/h3>\n                                    <p class=\"edition-type-text\">3. Auflage<\/p>\n                              <\/div>\n              <div class=\"wp-block-buttons is-layout-flex wp-block-buttons-is-layout-flex\">\n                <div class=\"wp-block-button is-style-button-outline-small is-style-button-outline-small--2\">\n                  <div class=\"wp-block-button__link has-secondary-background-color has-background wp-element-button\">\n                    Mehr dazu                  <\/div>\n                <\/div>\n              <\/div>\n              <a href=\"https:\/\/forum.visionzero.lu\/de\/edition-preis\/2022\/\">Consulter l&#8217;\u00e9dition du prix<\/a>\n            <\/div>\n                        <div class=\"edition-item\">\n              <div class=\"edition-item-informations\">\n                <h3>2020<\/h3>\n                                    <p class=\"edition-type-text\">2. Auflage<\/p>\n                              <\/div>\n              <div class=\"wp-block-buttons is-layout-flex wp-block-buttons-is-layout-flex\">\n                <div class=\"wp-block-button is-style-button-outline-small is-style-button-outline-small--2\">\n                  <div class=\"wp-block-button__link has-secondary-background-color has-background wp-element-button\">\n                    Mehr dazu                  <\/div>\n                <\/div>\n              <\/div>\n              <a href=\"https:\/\/forum.visionzero.lu\/de\/edition-preis\/2020\/\">Consulter l&#8217;\u00e9dition du prix<\/a>\n            <\/div>\n                        <div class=\"edition-item\">\n              <div class=\"edition-item-informations\">\n                <h3>2018<\/h3>\n                                    <p class=\"edition-type-text\">1. Auflage<\/p>\n                              <\/div>\n              <div class=\"wp-block-buttons is-layout-flex wp-block-buttons-is-layout-flex\">\n                <div class=\"wp-block-button is-style-button-outline-small is-style-button-outline-small--2\">\n                  <div class=\"wp-block-button__link has-secondary-background-color has-background wp-element-button\">\n                    Mehr dazu                  <\/div>\n                <\/div>\n              <\/div>\n              <a href=\"https:\/\/forum.visionzero.lu\/de\/edition-preis\/2018\/\">Consulter l&#8217;\u00e9dition du prix<\/a>\n            <\/div>\n            <\/div><\/div>\n<\/div>\n\n\n\n<div class=\"wp-block-template-part\">\n<div class=\"wp-block-group has-global-padding is-layout-constrained wp-block-group-is-layout-constrained\">\n<div class=\"wp-block-group is-vertical is-layout-flex wp-container-core-group-is-layout-fe9cc265 wp-block-group-is-layout-flex\">\n<h2 class=\"wp-block-heading has-x-large-font-size\"><strong>Verleihung des Preises von den Ministerien<\/strong><\/h2>\n\n\n\n<div class=\"wp-block-group is-nowrap is-layout-flex wp-container-core-group-is-layout-6c531013 wp-block-group-is-layout-flex\">\n<figure class=\"wp-block-image size-large\"><img decoding=\"async\" width=\"246\" height=\"62\" src=\"https:\/\/forum.visionzero.lu\/wp-content\/uploads\/2025\/03\/logo-gouv-santesecu.svg\" alt=\"\" class=\"wp-image-22\"\/><\/figure>\n\n\n\n<figure class=\"wp-block-image size-large\"><img decoding=\"async\" width=\"246\" height=\"62\" src=\"https:\/\/forum.visionzero.lu\/wp-content\/uploads\/2025\/03\/logo-gouv-travail.svg\" alt=\"\" class=\"wp-image-25\"\/><\/figure>\n<\/div>\n<\/div>\n\n\n\n<div class=\"wp-block-group is-vertical is-layout-flex wp-container-core-group-is-layout-fe9cc265 wp-block-group-is-layout-flex\">\n<h3 class=\"wp-block-heading has-large-font-size\"><strong>Zusammen mit den Veranstaltern des Arbeits- und Gesundheitsschutzpreises<\/strong><\/h3>\n\n\n\n<div class=\"wp-block-group is-nowrap is-layout-flex wp-container-core-group-is-layout-6c531013 wp-block-group-is-layout-flex\">\n<figure class=\"wp-block-image size-large\"><img decoding=\"async\" width=\"77\" height=\"26\" src=\"https:\/\/forum.visionzero.lu\/wp-content\/uploads\/2025\/03\/logo-aaa.svg\" alt=\"\" class=\"wp-image-13\" style=\"object-fit:cover\"\/><\/figure>\n\n\n\n<figure class=\"wp-block-image size-large is-resized\"><img decoding=\"async\" width=\"82\" height=\"50\" src=\"https:\/\/forum.visionzero.lu\/wp-content\/uploads\/2025\/09\/logo-uel.svg\" alt=\"\" class=\"wp-image-9578\" style=\"width:auto;height:45px\"\/><\/figure>\n\n\n\n<figure class=\"wp-block-image size-large\"><img decoding=\"async\" width=\"87\" height=\"27\" src=\"https:\/\/forum.visionzero.lu\/wp-content\/uploads\/2025\/03\/logo-indr.svg\" alt=\"\" class=\"wp-image-31\" style=\"object-fit:cover\"\/><\/figure>\n\n\n\n<figure class=\"wp-block-image size-large\"><img decoding=\"async\" width=\"77\" height=\"89\" src=\"https:\/\/forum.visionzero.lu\/wp-content\/uploads\/2025\/03\/logo-inspectiontravailmines.svg\" alt=\"\" class=\"wp-image-34\" style=\"object-fit:cover\"\/><\/figure>\n\n\n\n<figure class=\"wp-block-image size-large\"><img decoding=\"async\" width=\"246\" height=\"83\" src=\"https:\/\/forum.visionzero.lu\/wp-content\/uploads\/2025\/03\/logo-gouv-santesecu-direction.svg\" alt=\"\" class=\"wp-image-19\" style=\"object-fit:cover\"\/><\/figure>\n<\/div>\n<\/div>\n<\/div>\n<\/div>\n\n\n\n<div class=\"wp-block-template-part\">\n<div id=\"contact-prix\" class=\"wp-block-group has-global-padding is-layout-constrained wp-block-group-is-layout-constrained\">\n<div class=\"wp-block-columns is-layout-flex wp-container-core-columns-is-layout-28f84493 wp-block-columns-is-layout-flex\">\n<div class=\"wp-block-column is-layout-flow wp-block-column-is-layout-flow\" style=\"flex-basis:50%\">\n<h2 class=\"wp-block-heading has-x-large-font-size\">Kontakt<\/h2>\n\n\n\n<p>Wenn Sie Fragen haben, wenden Sie sich bitte an die Abteilung f\u00fcr Pr\u00e4vention der AAA:<\/p>\n\n\n\n<p><strong>Unfallversicherung (AAA) <\/strong><br><strong>Abteilung Pr\u00e4vention<\/strong><\/p>\n\n\n\n<p>4, rue Mercier<br>L-2144 Luxembourg<\/p>\n\n\n\n<p>(+352) 261915-2201<br><a href=\"mailto:prevention.aaa@secu.lu\">prevention.aaa@secu.lu<\/a><\/p>\n<\/div>\n\n\n\n<div class=\"wp-block-column is-layout-flow wp-block-column-is-layout-flow\" style=\"flex-basis:50%\"><\/div>\n<\/div>\n<\/div>\n<\/div>","protected":false},"excerpt":{"rendered":"<p>Arbeits- und Gesundheitsschutzpreis Der Arbeits- und Gesundheitsschutzpreis wird alle zwei Jahre verliehen und zeichnet Unternehmen und Organisationen aus, die sich konkret f\u00fcr den Schutz ihrer Besch\u00e4ftigten, die Vermeidung von Berufsrisiken und die Verbesserung des Wohlbefindens am Arbeitsplatz einsetzen. Der Arbeits- und Gesundheitsschutzpreis wird von den Initiatoren der VISION ZERO organisiert und von 2 Ministerien verliehen: [&hellip;]<\/p>\n","protected":false},"author":1,"featured_media":0,"parent":9775,"menu_order":2,"comment_status":"closed","ping_status":"closed","template":"no-title-background-blue","meta":{"inline_featured_image":false,"footnotes":""},"class_list":["post-9765","page","type-page","status-publish","hentry"],"_links":{"self":[{"href":"https:\/\/forum.visionzero.lu\/de\/wp-json\/wp\/v2\/pages\/9765","targetHints":{"allow":["GET"]}}],"collection":[{"href":"https:\/\/forum.visionzero.lu\/de\/wp-json\/wp\/v2\/pages"}],"about":[{"href":"https:\/\/forum.visionzero.lu\/de\/wp-json\/wp\/v2\/types\/page"}],"author":[{"embeddable":true,"href":"https:\/\/forum.visionzero.lu\/de\/wp-json\/wp\/v2\/users\/1"}],"replies":[{"embeddable":true,"href":"https:\/\/forum.visionzero.lu\/de\/wp-json\/wp\/v2\/comments?post=9765"}],"version-history":[{"count":17,"href":"https:\/\/forum.visionzero.lu\/de\/wp-json\/wp\/v2\/pages\/9765\/revisions"}],"predecessor-version":[{"id":17164,"href":"https:\/\/forum.visionzero.lu\/de\/wp-json\/wp\/v2\/pages\/9765\/revisions\/17164"}],"up":[{"embeddable":true,"href":"https:\/\/forum.visionzero.lu\/de\/wp-json\/wp\/v2\/pages\/9775"}],"wp:attachment":[{"href":"https:\/\/forum.visionzero.lu\/de\/wp-json\/wp\/v2\/media?parent=9765"}],"curies":[{"name":"wp","href":"https:\/\/api.w.org\/{rel}","templated":true}]}}