{"id":465,"date":"2025-03-31T15:10:15","date_gmt":"2025-03-31T13:10:15","guid":{"rendered":"https:\/\/forumvz.clients.h2a.lu\/informations-pratiques\/"},"modified":"2026-03-30T11:25:28","modified_gmt":"2026-03-30T09:25:28","slug":"practical-information","status":"publish","type":"page","link":"https:\/\/forum.visionzero.lu\/en\/forum\/practical-information\/","title":{"rendered":"Practical information"},"content":{"rendered":"\n<div class=\"wp-block-group alignwide is-layout-grid wp-container-core-group-is-layout-988b637e wp-block-group-is-layout-grid\" id=\"informations-grid\">\n<div data-icon=\"icon-date\" data-icon-color=\"var(--wp--preset--color--primary-dark)\" style=\"--icon-color:var(--wp--preset--color--primary-dark)\" class=\"wp-block-aaaforum-event wp-block-aaaforum-event-date\">\n<div class=\"wp-block-group is-vertical is-content-justification-center is-layout-flex wp-container-core-group-is-layout-6a2ecd95 wp-block-group-is-layout-flex\" style=\"padding-top:var(--wp--preset--spacing--60);padding-right:var(--wp--preset--spacing--40);padding-bottom:var(--wp--preset--spacing--40);padding-left:var(--wp--preset--spacing--40)\">\n<div class=\"wp-block-group is-vertical is-content-justification-center is-layout-flex wp-container-core-group-is-layout-c3249634 wp-block-group-is-layout-flex\" style=\"padding-top:0;padding-bottom:0\">\n<p class=\"has-text-align-center has-black-color has-text-color has-x-large-font-size\">wednesday<\/p>\n\n\n\n<p class=\"has-text-align-center has-black-color has-text-color has-xx-large-font-size\">25.03.2026<\/p>\n<\/div>\n\n\n\n<div class=\"wp-block-group block-details-wrapper is-content-justification-center is-nowrap is-layout-flex wp-container-core-group-is-layout-0ec4f6ab wp-block-group-is-layout-flex\" style=\"padding-top:0;padding-bottom:0\">\n<div style=\"--icon-color:var(--wp--preset--color--primary-dark)\" class=\"wp-block-aaaforum-details wp-block-group is-nowrap is-layout-flex wp-block-group-is-layout-flex\"><div class=\"icon-circle\"><i class=\"icon icon-horaire\" aria-hidden=\"true\"><\/i><span class=\"hors-ecran\">Horaire:<\/span><\/div><p>8:00 &#8211; 18:00<br><br><\/p><\/div>\n<\/div>\n<\/div>\n<\/div>\n\n\n\n<div data-icon=\"icon-lieu\" data-icon-color=\"var(--wp--preset--color--primary-dark)\" style=\"--icon-color:var(--wp--preset--color--primary-dark)\" class=\"wp-block-aaaforum-event wp-block-aaaforum-event-location\">\n<div class=\"wp-block-group is-vertical is-content-justification-center is-layout-flex wp-container-core-group-is-layout-6a2ecd95 wp-block-group-is-layout-flex\" style=\"padding-top:var(--wp--preset--spacing--60);padding-right:var(--wp--preset--spacing--40);padding-bottom:var(--wp--preset--spacing--40);padding-left:var(--wp--preset--spacing--40)\">\n<div class=\"wp-block-group is-vertical is-content-justification-center is-layout-flex wp-container-core-group-is-layout-c3249634 wp-block-group-is-layout-flex\" style=\"padding-top:0;padding-bottom:0\">\n<p class=\"has-text-align-center has-black-color has-text-color has-x-large-font-size\">luxexpo the box<\/p>\n<\/div>\n\n\n\n<p class=\"has-text-align-center\" style=\"font-style:normal;font-weight:400;text-transform:none\">10, Circuit de la Foire Internationale <br>L-1347 Luxembourg-Kirchberg<\/p>\n<\/div>\n<\/div>\n\n\n\n<div class=\"registration-card-link-container\"><a href=\"https:\/\/registration.welkom.eu\/sst2026-visitors-en\" class=\"registration-card-link\" rel=\"noopener noreferrer\" target=\"_blank\"><div style=\"padding:var(--wp--preset--spacing--40);background-color:var(--wp--preset--color--primary)\" class=\"wp-block-aaaforum-registration-card-block\">\n<p class=\"has-x-large-font-size\" style=\"text-transform:uppercase\"><strong>Registration<\/strong><\/p>\n\n\n\n<p>Participation is free, but registration is required.<\/p>\n<\/div><\/a><\/div>\n<\/div>\n\n\n\n<div class=\"wp-block-aaaforum-getting-there wp-block-group is-layout-grid wp-block-group-is-layout-grid\"><div class=\"map-container\"><div><iframe src=\"https:\/\/www.google.com\/maps\/embed?pb=!1m18!1m12!1m3!1d2583.970879208148!2d6.170375176735846!3d49.63600344566997!2m3!1f0!2f0!3f0!3m2!1i1024!2i768!4f13.1!3m3!1m2!1s0x47954fc216286347%3A0x97ccfe2a8038a799!2sLUXEXPO%20THE%20BOX!5e0!3m2!1sfr!2slu!4v1756113575128!5m2!1sfr!2slu\" width=\"600\" height=\"450\" style=\"border:0;\" allowfullscreen=\"\" loading=\"lazy\" referrerpolicy=\"no-referrer-when-downgrade\" title=\"Location of Luxexpo\"><\/iframe><\/div><\/div><div class=\"wp-block-group transport-container has-white-background-color has-background\" style=\"padding:var(--wp--preset--spacing--40);display:flex;flex-direction:column\" data-metadata-name=\"Transports\">\n<h2 class=\"wp-block-heading has-x-large-font-size\">How to get there<\/h2>\n\n\n\n<div class=\"wp-block-aaaforum-transport-item is-layout-flex wp-block-group-is-layout-flex\"><div class=\"transport-icon\"><i class=\"icon icon-tram\"><\/i><\/div><div class=\"transport-content is-layout-flex wp-block-group-is-layout-flex\">\n<h4 class=\"wp-block-heading\">By tram<\/h4>\n\n\n\n<p>Stop \u201c Luxexpo\u201c<\/p>\n<\/div><\/div>\n\n\n\n<hr class=\"wp-block-separator has-text-color has-black-light-color has-alpha-channel-opacity has-black-light-background-color has-background is-style-wide\"\/>\n\n\n\n<div class=\"wp-block-aaaforum-transport-item is-layout-flex wp-block-group-is-layout-flex\"><div class=\"transport-icon\"><i class=\"icon icon-bus\"><\/i><\/div><div class=\"transport-content is-layout-flex wp-block-group-is-layout-flex\">\n<h4 class=\"wp-block-heading\">By bus<\/h4>\n\n\n\n<p>Stops \u201cKirchberg, Gare routi\u00e8re Luxexpo\u201d and \u201cKirchberg, Hugo Gernsback\u201d <\/p>\n<\/div><\/div>\n\n\n\n<hr class=\"wp-block-separator has-text-color has-black-light-color has-alpha-channel-opacity has-black-light-background-color has-background is-style-wide\"\/>\n\n\n\n<div class=\"wp-block-aaaforum-transport-item is-layout-flex wp-block-group-is-layout-flex\"><div class=\"transport-icon\"><i class=\"icon icon-voiture\"><\/i><\/div><div class=\"transport-content is-layout-flex wp-block-group-is-layout-flex\">\n<h4 class=\"wp-block-heading\">By car<\/h4>\n\n\n\n<p>LuxExpo The Box offers the visitors over 1,400 paid parking spaces, two bike stations and one bike rental station as well as dedicated spaces for exhibitors right on the doorstep of each building. All these facilities are supplemented by lots of public car parks in the surrounding area.<\/p>\n\n\n\n<p>For more information on the arrival, click <a href=\"https:\/\/thebox.lu\/en\/acces\/?section\" target=\"_blank\" rel=\"noreferrer noopener\">here<\/a>.<\/p>\n<\/div><\/div>\n<\/div><\/div>\n\n\n\n\n\n<div class=\"wp-block-aaaforum-info wp-block-columns has-background info-type-certificat has-primary-background-color\"><div class=\"wp-block-column\" style=\"flex-basis:25%\"><h2 class=\"wp-block-heading has-x-large-font-size\">Certificate of attendance<\/h2><\/div><div class=\"wp-block-column\" style=\"flex-basis:58.33333%\">\n<p>At the end of the Forum, participants will receive their certificate by e-mail. The Forum workshops are <a href=\"https:\/\/legilux.public.lu\/eli\/etat\/adm\/amin\/2017\/11\/10\/b3354\/jo\" data-type=\"link\" data-id=\"https:\/\/legilux.public.lu\/eli\/etat\/adm\/amin\/2017\/11\/10\/b3354\/jo\" target=\"_blank\" rel=\"noreferrer noopener\">recognised as further training for OHS officers (\u201csalaries d\u00e9sign\u00e9s\u201d)<\/a> and as additional training for <a href=\"https:\/\/legilux.public.lu\/eli\/etat\/adm\/amin\/2026\/03\/18\/b1390\/jo\" target=\"_blank\" rel=\"noreferrer noopener\">health and safety coordinators on temporary or mobile construction sites<\/a> (&#8220;coordinateurs de s\u00e9curit\u00e9 et de sant\u00e9 sur les chantiers temporaires ou mobiles&#8221;).<\/p>\n<\/div><div class=\"wp-block-column icon-illu icon-illu-certificat\" style=\"flex-basis:16.66666%\"><img decoding=\"async\" src=\"https:\/\/forum.visionzero.lu\/wp-content\/themes\/aaaforum\/assets\/vectors\/illus\/illu-certificat-white.svg\" alt=\"\"\/><\/div><\/div>\n\n\n\n<div class=\"wp-block-aaaforum-info wp-block-columns has-background info-type-certificat has-primary-background-color\"><div class=\"wp-block-column\" style=\"flex-basis:25%\"><h2 class=\"wp-block-heading has-x-large-font-size\">Green business<br>event<\/h2><\/div><div class=\"wp-block-column\" style=\"flex-basis:58.33333%\">\n<p>The OHS Forum is organised in a responsible and certified manner. We are committed to the following principles:<\/p>\n\n\n\n<p><\/p>\n\n\n\n<p>&#8211; <strong>Mainly digital communication<\/strong><\/p>\n\n\n\n<p>We will be giving priority to digital communication (invitations, programmes, signs) to significantly reduce the ecological impact of paper printing.<\/p>\n\n\n\n<p>&#8211; <strong>Digital directional signs or reused materials<\/strong><\/p>\n\n\n\n<p>Directional signs will be either digital or made from materials reused from previous editions, to avoid the production of new materials.<\/p>\n\n\n\n<p>&#8211; <strong>Furniture hire<\/strong><\/p>\n\n\n\n<p>We are opting to hire furniture rather than buy it, in order to limit the production of new furniture and encourage reuse.<\/p>\n\n\n\n<p>&#8211; <strong>Local and organic catering<\/strong><\/p>\n\n\n\n<p>We will be offering a catering service based on local, seasonal and organic products.<\/p>\n\n\n\n<p>&#8211; <strong>Use of reusable dishes<\/strong><\/p>\n\n\n\n<p>All dishes used will be non-disposable, washable and reusable, to avoid the massive production of plastic waste.<\/p>\n\n\n\n<p>&#8211; <strong>No single-use packaging<\/strong><\/p>\n\n\n\n<p>We will be banning the use of single-use drinks packaging in favour of reusable or returnable containers.<\/p>\n\n\n\n<p>&#8211; <strong>Selective sorting of waste<\/strong><\/p>\n\n\n\n<p>Collection points will be set up to ensure rigorous sorting of waste and encourage recycling.<\/p>\n<\/div><div class=\"wp-block-column icon-illu icon-illu-certificat\" style=\"flex-basis:16.66666%\"><img decoding=\"async\" src=\"https:\/\/forum.visionzero.lu\/wp-content\/themes\/aaaforum\/assets\/vectors\/illus\/illu-certificat-white.svg\" alt=\"\"\/><\/div><\/div>\n\n\n\n<hr class=\"wp-block-separator has-text-color has-white-color has-alpha-channel-opacity has-white-background-color has-background wp-block-heading is-style-wide\"\/>\n\n\n<div class=\"wp-block-group has-global-padding is-layout-constrained wp-block-group-is-layout-constrained wp-block-template-part\">\n<div class=\"wp-block-group has-global-padding is-layout-constrained wp-block-group-is-layout-constrained\">\n<div class=\"wp-block-columns is-layout-flex wp-container-core-columns-is-layout-28f84493 wp-block-columns-is-layout-flex\">\n<div class=\"wp-block-column is-layout-flow wp-block-column-is-layout-flow\" style=\"flex-basis:50%\">\n<h2 class=\"wp-block-heading has-x-large-font-size\">Organising committee of the Forum<\/h2>\n\n\n\n<p>Accident Insurance Association (\u201cAssociation d\u2019assurance accident-AAA\u201c)<br>Prevention Department<\/p>\n\n\n\n<p>(+352) 261915-2201<br><a href=\"mailto:prevention.aaa@secu.lu\">prevention.aaa@secu.lu<\/a><\/p>\n<\/div>\n\n\n\n<div class=\"wp-block-column is-layout-flow wp-block-column-is-layout-flow\" style=\"flex-basis:50%\">\n<h2 class=\"wp-block-heading has-x-large-font-size\">Press contact<\/h2>\n\n\n\n<p>Accident Insurance Association (\u201cAssociation d\u2019assurance accident-AAA\u201c)<\/p>\n\n\n\n<p><a href=\"mailto:presse.aaa@secu.lu\">presse.aaa@secu.lu<\/a><\/p>\n<\/div>\n<\/div>\n<\/div>\n<\/div>","protected":false},"excerpt":{"rendered":"","protected":false},"author":1,"featured_media":0,"parent":9891,"menu_order":6,"comment_status":"closed","ping_status":"closed","template":"","meta":{"inline_featured_image":false,"footnotes":""},"class_list":["post-465","page","type-page","status-publish","hentry"],"_links":{"self":[{"href":"https:\/\/forum.visionzero.lu\/en\/wp-json\/wp\/v2\/pages\/465","targetHints":{"allow":["GET"]}}],"collection":[{"href":"https:\/\/forum.visionzero.lu\/en\/wp-json\/wp\/v2\/pages"}],"about":[{"href":"https:\/\/forum.visionzero.lu\/en\/wp-json\/wp\/v2\/types\/page"}],"author":[{"embeddable":true,"href":"https:\/\/forum.visionzero.lu\/en\/wp-json\/wp\/v2\/users\/1"}],"replies":[{"embeddable":true,"href":"https:\/\/forum.visionzero.lu\/en\/wp-json\/wp\/v2\/comments?post=465"}],"version-history":[{"count":42,"href":"https:\/\/forum.visionzero.lu\/en\/wp-json\/wp\/v2\/pages\/465\/revisions"}],"predecessor-version":[{"id":16844,"href":"https:\/\/forum.visionzero.lu\/en\/wp-json\/wp\/v2\/pages\/465\/revisions\/16844"}],"up":[{"embeddable":true,"href":"https:\/\/forum.visionzero.lu\/en\/wp-json\/wp\/v2\/pages\/9891"}],"wp:attachment":[{"href":"https:\/\/forum.visionzero.lu\/en\/wp-json\/wp\/v2\/media?parent=465"}],"curies":[{"name":"wp","href":"https:\/\/api.w.org\/{rel}","templated":true}]}}